{"id":545,"date":"2022-03-31T09:50:17","date_gmt":"2022-03-31T07:50:17","guid":{"rendered":"http:\/\/propulsion-engineering.fr\/?page_id=545"},"modified":"2024-02-09T10:34:38","modified_gmt":"2024-02-09T09:34:38","slug":"notre-histoire","status":"publish","type":"page","link":"https:\/\/propulsion-engineering.fr\/index.php\/notre-histoire\/","title":{"rendered":"Notre histoire, nos valeurs"},"content":{"rendered":"\n<p><strong>Comp\u00e9tences :<\/strong><br>Fort d&rsquo;une expertise importante, Propulsion Engineering accompagne ses clients confront\u00e9s \u00e0 des avaries complexes, couteuses, r\u00e9currentes, litigieuses, sur leurs moteurs et\/ou lignes d&rsquo;arbres propulsives.<\/p>\n\n\n<div class=\"wp-block-image\">\n<figure class=\"aligncenter\"><img loading=\"lazy\" decoding=\"async\" width=\"1199\" height=\"579\" src=\"http:\/\/propulsion-engineering.fr\/wp-content\/uploads\/2020\/01\/PistonSoupape.jpg\" alt=\"\" class=\"wp-image-387\" srcset=\"https:\/\/propulsion-engineering.fr\/wp-content\/uploads\/2020\/01\/PistonSoupape.jpg 1199w, https:\/\/propulsion-engineering.fr\/wp-content\/uploads\/2020\/01\/PistonSoupape-300x145.jpg 300w, https:\/\/propulsion-engineering.fr\/wp-content\/uploads\/2020\/01\/PistonSoupape-768x371.jpg 768w, https:\/\/propulsion-engineering.fr\/wp-content\/uploads\/2020\/01\/PistonSoupape-1024x494.jpg 1024w\" sizes=\"auto, (max-width: 706px) 89vw, (max-width: 767px) 82vw, 740px\" \/><\/figure><\/div>\n\n\n<p>Propulsion Engineering attache une grande importance \u00e0 r\u00e9aliser des diagnostics impartiaux, s\u00e9rieux et complets, enti\u00e8rement r\u00e9alis\u00e9s en interne par nos ing\u00e9nieurs.<\/p>\n\n\n<div class=\"wp-block-image\">\n<figure class=\"aligncenter size-large\"><img loading=\"lazy\" decoding=\"async\" width=\"1024\" height=\"384\" src=\"http:\/\/propulsion-engineering.fr\/wp-content\/uploads\/2022\/05\/MoteurLA-1024x384.png\" alt=\"\" class=\"wp-image-708\" srcset=\"https:\/\/propulsion-engineering.fr\/wp-content\/uploads\/2022\/05\/MoteurLA-1024x384.png 1024w, https:\/\/propulsion-engineering.fr\/wp-content\/uploads\/2022\/05\/MoteurLA-300x113.png 300w, https:\/\/propulsion-engineering.fr\/wp-content\/uploads\/2022\/05\/MoteurLA-768x288.png 768w, https:\/\/propulsion-engineering.fr\/wp-content\/uploads\/2022\/05\/MoteurLA-1536x576.png 1536w, https:\/\/propulsion-engineering.fr\/wp-content\/uploads\/2022\/05\/MoteurLA-2048x768.png 2048w\" sizes=\"auto, (max-width: 706px) 89vw, (max-width: 767px) 82vw, 740px\" \/><\/figure><\/div>\n\n\n<p><br><strong>Collaboration:<\/strong><br>Un \u00e9cosyst\u00e8me collaboratif qui cr\u00e9e une expertise forte bas\u00e9e sur un partenariat d&rsquo;entreprises expertes dans leur domaine<\/p>\n\n\n\n<p><br><strong>Innovation:<\/strong><br>En offrant la seule technologie capable de diagnostiquer un moteur \u00e0 combustion interne, Propulsion Engineering a d\u00e9montr\u00e9 sa capacit\u00e9 \u00e0 proposer des solutions innovantes.<\/p>\n\n\n\n<figure class=\"wp-block-image size-large\"><img loading=\"lazy\" decoding=\"async\" width=\"1024\" height=\"286\" src=\"http:\/\/propulsion-engineering.fr\/wp-content\/uploads\/2023\/08\/PE_IDV-1024x286.png\" alt=\"\" class=\"wp-image-731\" srcset=\"https:\/\/propulsion-engineering.fr\/wp-content\/uploads\/2023\/08\/PE_IDV-1024x286.png 1024w, https:\/\/propulsion-engineering.fr\/wp-content\/uploads\/2023\/08\/PE_IDV-300x84.png 300w, https:\/\/propulsion-engineering.fr\/wp-content\/uploads\/2023\/08\/PE_IDV-768x215.png 768w, https:\/\/propulsion-engineering.fr\/wp-content\/uploads\/2023\/08\/PE_IDV.png 1469w\" sizes=\"auto, (max-width: 706px) 89vw, (max-width: 767px) 82vw, 740px\" \/><\/figure>\n","protected":false},"excerpt":{"rendered":"<p>Comp\u00e9tences :Fort d&rsquo;une expertise importante, Propulsion Engineering accompagne ses clients confront\u00e9s \u00e0 des avaries complexes, couteuses, r\u00e9currentes, litigieuses, sur leurs moteurs et\/ou lignes d&rsquo;arbres propulsives. Propulsion Engineering attache une grande importance \u00e0 r\u00e9aliser des diagnostics impartiaux, s\u00e9rieux et complets, enti\u00e8rement r\u00e9alis\u00e9s en interne par nos ing\u00e9nieurs. Collaboration:Un \u00e9cosyst\u00e8me collaboratif qui cr\u00e9e une expertise forte bas\u00e9e &hellip; <\/p>\n<p class=\"link-more\"><a href=\"https:\/\/propulsion-engineering.fr\/index.php\/notre-histoire\/\" class=\"more-link\">Continuer la lecture<span class=\"screen-reader-text\"> de &laquo;&nbsp;Notre histoire, nos valeurs&nbsp;&raquo;<\/span><\/a><\/p>\n","protected":false},"author":1,"featured_media":855,"parent":0,"menu_order":0,"comment_status":"closed","ping_status":"closed","template":"","meta":{"_monsterinsights_skip_tracking":false,"_monsterinsights_sitenote_active":false,"_monsterinsights_sitenote_note":"","_monsterinsights_sitenote_category":0,"footnotes":""},"class_list":["post-545","page","type-page","status-publish","has-post-thumbnail","hentry"],"_links":{"self":[{"href":"https:\/\/propulsion-engineering.fr\/index.php\/wp-json\/wp\/v2\/pages\/545","targetHints":{"allow":["GET"]}}],"collection":[{"href":"https:\/\/propulsion-engineering.fr\/index.php\/wp-json\/wp\/v2\/pages"}],"about":[{"href":"https:\/\/propulsion-engineering.fr\/index.php\/wp-json\/wp\/v2\/types\/page"}],"author":[{"embeddable":true,"href":"https:\/\/propulsion-engineering.fr\/index.php\/wp-json\/wp\/v2\/users\/1"}],"replies":[{"embeddable":true,"href":"https:\/\/propulsion-engineering.fr\/index.php\/wp-json\/wp\/v2\/comments?post=545"}],"version-history":[{"count":10,"href":"https:\/\/propulsion-engineering.fr\/index.php\/wp-json\/wp\/v2\/pages\/545\/revisions"}],"predecessor-version":[{"id":734,"href":"https:\/\/propulsion-engineering.fr\/index.php\/wp-json\/wp\/v2\/pages\/545\/revisions\/734"}],"wp:featuredmedia":[{"embeddable":true,"href":"https:\/\/propulsion-engineering.fr\/index.php\/wp-json\/wp\/v2\/media\/855"}],"wp:attachment":[{"href":"https:\/\/propulsion-engineering.fr\/index.php\/wp-json\/wp\/v2\/media?parent=545"}],"curies":[{"name":"wp","href":"https:\/\/api.w.org\/{rel}","templated":true}]}}