{"id":21,"date":"2017-05-31T10:03:50","date_gmt":"2017-05-31T08:03:50","guid":{"rendered":"http:\/\/propulsion-engineering.fr\/?page_id=21"},"modified":"2024-02-09T10:30:07","modified_gmt":"2024-02-09T09:30:07","slug":"accueil","status":"publish","type":"page","link":"https:\/\/propulsion-engineering.fr\/","title":{"rendered":"Accueil"},"content":{"rendered":"<p><span style=\"color: #000000;\">\n<style type=\"text\/css\">\n<!--\n\n.prisna-gwt-align-left {\n\ttext-align: left !important;\n}\n.prisna-gwt-align-right {\n\ttext-align: right !important;\n}\n\n\n.prisna-gwt-flags-container {\n\tlist-style: none !important;\n\tmargin: 0 !important;\n\tpadding: 0 !important;\n\tborder: none !important;\n\tclear: both !important;\n}\n.prisna-gwt-flag-container {\n\tlist-style: none !important;\n\tdisplay: inline-block;\n\tmargin: 0 2px 0 0 !important;\n\tpadding: 0 !important;\n\tborder: none !important;\n}\n.prisna-gwt-flag-container a {\n\tdisplay: inline-block;\n\tmargin: 0 !important;\n\tpadding: 0 !important;\n\tborder: none !important;\n\tbackground-repeat: no-repeat !important;\n\tbackground-image: url(https:\/\/propulsion-engineering.fr\/wp-content\/plugins\/google-website-translator\/images\/all.png) !important;\n\twidth: 22px !important;\n\theight: 16px !important;\n}\n.prisna-gwt-language-en a { background-position: 0px 0px !important; }\n.prisna-gwt-language-zh-CN a { background-position: -132px 0px !important; }\n.prisna-gwt-language-nl a { background-position: -44px 0px !important; }\n.prisna-gwt-language-fr a { background-position: -22px 0px !important; }\n.prisna-gwt-language-de a { background-position: -88px 0px !important; }\n.prisna-gwt-language-it a { background-position: -176px -16px !important; }\n.prisna-gwt-language-mr a { background-position: -154px -16px !important; }\n.prisna-gwt-language-es a { background-position: -110px 0px !important; }\n\n\nbody {\n\ttop: 0 !important;\n}\n.goog-te-banner-frame {\n\tdisplay: none !important;\n\tvisibility: hidden !important;\n}\n\n.goog-tooltip,\n.goog-tooltip:hover {\n\tdisplay: none !important;\n}\n.goog-text-highlight {\n\tbackground-color: transparent !important;\n\tborder: none !important;\n\tbox-shadow: none !important;\n}\n\n-->\n<\/style>\n\n\n\n<script type=\"text\/javascript\">\n\/*<![CDATA[*\/\nvar PrisnaGWT = {\n\n\t_fire_event: function(_element, _event) {\n\t\t\n\t\ttry {\n\t\t\tif (document.createEvent) {\n\t\t\t\tvar ev = document.createEvent(\"HTMLEvents\");\n\t\t\t\tev.initEvent(_event, true, true);\n\t\t\t\t_element.dispatchEvent(ev);\n\t\t\t} \n\t\t\telse {\n\t\t\t\tvar ev = document.createEventObject();\n\t\t\t\t_element.fireEvent(\"on\" + _event, ev);\n\t\t\t}\n\t\t} \n\t\tcatch (e) {\n\t\t\tconsole.log(\"Prisna GWT: Browser not supported!\");\n\t\t}\n\t\t\n\t},\n\n\ttranslate: function(_language) {\n\t\n\t\tvar element;\n\t\tvar combos = document.getElementsByTagName(\"select\"); \/\/ IE8 doesn't support getElementsByClassName\n\t\t\n\t\tfor (var i=0; i<combos.length; i++)\n\t\t\tif (combos[i].className == \"goog-te-combo\")\n\t\t\t\telement = combos[i];\n\t\t\n\t\tif (!element)\n\t\t\treturn;\n\t\t\n\t\telement.value = _language;\n\t\tthis._fire_event(element, \"change\");\n\n\t}\n\t\n};\n\/*]]>*\/\n<\/script>\n<ul class=\"prisna-gwt-flags-container prisna-gwt-align-left notranslate\">\n\t<li class=\"prisna-gwt-flag-container prisna-gwt-language-en\">\n\t<a href=\"javascript:;\" onclick=\"PrisnaGWT.translate('en'); return false;\" title=\"English\"><\/a>\n<\/li><li class=\"prisna-gwt-flag-container prisna-gwt-language-fr\">\n\t<a href=\"javascript:;\" onclick=\"PrisnaGWT.translate('fr'); return false;\" title=\"French\"><\/a>\n<\/li><li class=\"prisna-gwt-flag-container prisna-gwt-language-de\">\n\t<a href=\"javascript:;\" onclick=\"PrisnaGWT.translate('de'); return false;\" title=\"German\"><\/a>\n<\/li><li class=\"prisna-gwt-flag-container prisna-gwt-language-it\">\n\t<a href=\"javascript:;\" onclick=\"PrisnaGWT.translate('it'); return false;\" title=\"Italian\"><\/a>\n<\/li><li class=\"prisna-gwt-flag-container prisna-gwt-language-nl\">\n\t<a href=\"javascript:;\" onclick=\"PrisnaGWT.translate('nl'); return false;\" title=\"Dutch\"><\/a>\n<\/li><li class=\"prisna-gwt-flag-container prisna-gwt-language-es\">\n\t<a href=\"javascript:;\" onclick=\"PrisnaGWT.translate('es'); return false;\" title=\"Spanish\"><\/a>\n<\/li><li class=\"prisna-gwt-flag-container prisna-gwt-language-mr\">\n\t<a href=\"javascript:;\" onclick=\"PrisnaGWT.translate('mr'); return false;\" title=\"Marathi\"><\/a>\n<\/li><li class=\"prisna-gwt-flag-container prisna-gwt-language-zh-CN\">\n\t<a href=\"javascript:;\" onclick=\"PrisnaGWT.translate('zh-CN'); return false;\" title=\"Chinese Simplified\"><\/a>\n<\/li>\n<\/ul>\n\n<div id=\"google_translate_element\" class=\"prisna-gwt-align-left\"><\/div>\n<script type=\"text\/javascript\">\n\/*<![CDATA[*\/\nfunction initializeGoogleTranslateElement() {\n\tnew google.translate.TranslateElement({\n\t\tpageLanguage: \"fr\"\n\t}, \"google_translate_element\");\n}\n\/*]]>*\/\n<\/script>\n<script type=\"text\/javascript\" src=\"\/\/translate.google.com\/translate_a\/element.js?cb=initializeGoogleTranslateElement\"><\/script><\/span><\/p>\n<p><span style=\"color: #000000;\">Propulsion Engineering est une soci\u00e9t\u00e9 d&rsquo;ing\u00e9nierie et d&rsquo;expertise de moteurs thermiques, de lignes propulsives et de machines tournantes. Son syst\u00e8me de monitoring proactif <strong>VIB<\/strong>360 WORLD est destin\u00e9 \u00e0<\/span><span style=\"color: #000000;\"> :<img loading=\"lazy\" decoding=\"async\" class=\"wp-image-713 size-full alignright\" src=\"http:\/\/propulsion-engineering.fr\/wp-content\/uploads\/2022\/10\/VIB360-invisible.png\" alt=\"\" width=\"182\" height=\"192\" \/><\/span><\/p>\n<ul>\n<li style=\"list-style-type: none;\">\n<ul>\n<li><span style=\"color: #000000;\">Optimiser les cycles de maintenance<\/span><\/li>\n<li><span style=\"color: #000000;\">\u00c9viter les pannes couteuses<\/span><\/li>\n<li>R\u00e9duire les co\u00fbts d&rsquo;exploitation (carburant, huile, rechanges&#8230;)<\/li>\n<li>Gagner en <span style=\"color: #000000;\"><span style=\"color: #000000;\">s\u00e9r\u00e9nit\u00e9 de conduite<\/span><\/span><\/li>\n<\/ul>\n<\/li>\n<\/ul>\n<p><img loading=\"lazy\" decoding=\"async\" class=\"wp-image-782  aligncenter\" src=\"http:\/\/propulsion-engineering.fr\/wp-content\/uploads\/2024\/01\/Vib360World-PNG.png\" alt=\"\" width=\"500\" height=\"641\" srcset=\"https:\/\/propulsion-engineering.fr\/wp-content\/uploads\/2024\/01\/Vib360World-PNG.png 2037w, https:\/\/propulsion-engineering.fr\/wp-content\/uploads\/2024\/01\/Vib360World-PNG-234x300.png 234w, https:\/\/propulsion-engineering.fr\/wp-content\/uploads\/2024\/01\/Vib360World-PNG-799x1024.png 799w, https:\/\/propulsion-engineering.fr\/wp-content\/uploads\/2024\/01\/Vib360World-PNG-768x984.png 768w, https:\/\/propulsion-engineering.fr\/wp-content\/uploads\/2024\/01\/Vib360World-PNG-1199x1536.png 1199w, https:\/\/propulsion-engineering.fr\/wp-content\/uploads\/2024\/01\/Vib360World-PNG-1599x2048.png 1599w\" sizes=\"auto, (max-width: 500px) 100vw, 500px\" \/><\/p>\n<div style=\"width: 525px;\" class=\"wp-video\"><!--[if lt IE 9]><script>document.createElement('video');<\/script><![endif]-->\n<video class=\"wp-video-shortcode\" id=\"video-21-1\" width=\"525\" height=\"294\" preload=\"metadata\" controls=\"controls\"><source type=\"video\/mp4\" src=\"http:\/\/propulsion-engineering.fr\/wp-content\/uploads\/2022\/02\/LExpert_Propulsion_Engineering.mp4?_=1\" \/><a href=\"http:\/\/propulsion-engineering.fr\/wp-content\/uploads\/2022\/02\/LExpert_Propulsion_Engineering.mp4\">http:\/\/propulsion-engineering.fr\/wp-content\/uploads\/2022\/02\/LExpert_Propulsion_Engineering.mp4<\/a><\/video><\/div>\n<p><img loading=\"lazy\" decoding=\"async\" class=\"alignright wp-image-152\" src=\"http:\/\/propulsion-engineering.fr\/wp-content\/uploads\/2017\/05\/Logo-final-JPEG-REDUCED-300x39.jpg\" alt=\"\" width=\"231\" height=\"30\" srcset=\"https:\/\/propulsion-engineering.fr\/wp-content\/uploads\/2017\/05\/Logo-final-JPEG-REDUCED-300x39.jpg 300w, https:\/\/propulsion-engineering.fr\/wp-content\/uploads\/2017\/05\/Logo-final-JPEG-REDUCED-768x99.jpg 768w, https:\/\/propulsion-engineering.fr\/wp-content\/uploads\/2017\/05\/Logo-final-JPEG-REDUCED-1024x133.jpg 1024w\" sizes=\"auto, (max-width: 231px) 100vw, 231px\" \/><\/p>\n\n\n<ul class=\"wp-block-social-links is-layout-flex wp-block-social-links-is-layout-flex\">\n\n\n\n\n\n<\/ul>\n\n\n\n<blockquote class=\"wp-block-quote has-text-align-right is-style-default is-layout-flow wp-block-quote-is-layout-flow\"><div class=\"wp-block-image\">\n<figure class=\"alignleft size-large is-resized\"><img loading=\"lazy\" decoding=\"async\" width=\"1024\" height=\"468\" src=\"http:\/\/propulsion-engineering.fr\/wp-content\/uploads\/2023\/08\/LogoVIB360World-1024x468.png\" alt=\"\" class=\"wp-image-723\" style=\"aspect-ratio:2.185185185185185;width:225px;height:auto\" srcset=\"https:\/\/propulsion-engineering.fr\/wp-content\/uploads\/2023\/08\/LogoVIB360World-1024x468.png 1024w, https:\/\/propulsion-engineering.fr\/wp-content\/uploads\/2023\/08\/LogoVIB360World-300x137.png 300w, https:\/\/propulsion-engineering.fr\/wp-content\/uploads\/2023\/08\/LogoVIB360World-768x351.png 768w, https:\/\/propulsion-engineering.fr\/wp-content\/uploads\/2023\/08\/LogoVIB360World-1536x702.png 1536w, https:\/\/propulsion-engineering.fr\/wp-content\/uploads\/2023\/08\/LogoVIB360World.png 2000w\" sizes=\"auto, (max-width: 706px) 89vw, (max-width: 767px) 82vw, 740px\" \/><\/figure><\/div>\n\n\n<p>Suivez notre actualit\u00e9 sur les r\u00e9seaux <a href=\"https:\/\/fr.linkedin.com\/company\/propulsion-engineering\">LinkedIn <\/a>et <a href=\"https:\/\/www.facebook.com\/Propulsion-Engineering-103094868346975\/\">Facebook<\/a><\/p>\n<\/blockquote>\n\n\n\n<ul class=\"wp-block-social-links alignright is-content-justification-right is-layout-flex wp-container-core-social-links-is-layout-2 wp-block-social-links-is-layout-flex\"><li class=\"wp-social-link wp-social-link-linkedin  wp-block-social-link\"><a href=\"https:\/\/fr.linkedin.com\/company\/propulsion-engineering\" class=\"wp-block-social-link-anchor\"><svg width=\"24\" height=\"24\" viewBox=\"0 0 24 24\" version=\"1.1\" xmlns=\"http:\/\/www.w3.org\/2000\/svg\" aria-hidden=\"true\" focusable=\"false\"><path d=\"M19.7,3H4.3C3.582,3,3,3.582,3,4.3v15.4C3,20.418,3.582,21,4.3,21h15.4c0.718,0,1.3-0.582,1.3-1.3V4.3 C21,3.582,20.418,3,19.7,3z M8.339,18.338H5.667v-8.59h2.672V18.338z M7.004,8.574c-0.857,0-1.549-0.694-1.549-1.548 c0-0.855,0.691-1.548,1.549-1.548c0.854,0,1.547,0.694,1.547,1.548C8.551,7.881,7.858,8.574,7.004,8.574z M18.339,18.338h-2.669 v-4.177c0-0.996-0.017-2.278-1.387-2.278c-1.389,0-1.601,1.086-1.601,2.206v4.249h-2.667v-8.59h2.559v1.174h0.037 c0.356-0.675,1.227-1.387,2.526-1.387c2.703,0,3.203,1.779,3.203,4.092V18.338z\"><\/path><\/svg><span class=\"wp-block-social-link-label screen-reader-text\">LinkedIn<\/span><\/a><\/li>\n\n<li class=\"wp-social-link wp-social-link-facebook  wp-block-social-link\"><a href=\"https:\/\/www.facebook.com\/Propulsion-Engineering-103094868346975\/\" class=\"wp-block-social-link-anchor\"><svg width=\"24\" height=\"24\" viewBox=\"0 0 24 24\" version=\"1.1\" xmlns=\"http:\/\/www.w3.org\/2000\/svg\" aria-hidden=\"true\" focusable=\"false\"><path d=\"M12 2C6.5 2 2 6.5 2 12c0 5 3.7 9.1 8.4 9.9v-7H7.9V12h2.5V9.8c0-2.5 1.5-3.9 3.8-3.9 1.1 0 2.2.2 2.2.2v2.5h-1.3c-1.2 0-1.6.8-1.6 1.6V12h2.8l-.4 2.9h-2.3v7C18.3 21.1 22 17 22 12c0-5.5-4.5-10-10-10z\"><\/path><\/svg><span class=\"wp-block-social-link-label screen-reader-text\">Facebook<\/span><\/a><\/li><\/ul>\n\n\n<div class=\"wp-block-image\">\n<figure class=\"alignleft size-medium is-resized\"><a href=\"https:\/\/www.polemermediterranee.com\/Actualites\/Nouveaux-membres-du-Pole\/5-nouveaux-adherents-acceptes-lors-du-comite-de-pilotage-du-24-Mai-2019\" target=\"_blank\" rel=\"noopener noreferrer\"><img loading=\"lazy\" decoding=\"async\" width=\"300\" height=\"210\" src=\"http:\/\/propulsion-engineering.fr\/wp-content\/uploads\/2021\/03\/PoleMer_LOGO_Transparent-300x210.png\" alt=\"\" class=\"wp-image-464\" style=\"aspect-ratio:1.4318181818181819;width:150px;height:auto\" srcset=\"https:\/\/propulsion-engineering.fr\/wp-content\/uploads\/2021\/03\/PoleMer_LOGO_Transparent-300x210.png 300w, https:\/\/propulsion-engineering.fr\/wp-content\/uploads\/2021\/03\/PoleMer_LOGO_Transparent-1024x716.png 1024w, https:\/\/propulsion-engineering.fr\/wp-content\/uploads\/2021\/03\/PoleMer_LOGO_Transparent-768x537.png 768w, https:\/\/propulsion-engineering.fr\/wp-content\/uploads\/2021\/03\/PoleMer_LOGO_Transparent.png 1195w\" sizes=\"auto, (max-width: 300px) 100vw, 300px\" \/><\/a><\/figure><\/div>\n\n\n<div class=\"wp-block-group\"><div class=\"wp-block-group__inner-container is-layout-flow wp-block-group-is-layout-flow\"><div class=\"wp-block-image\">\n<figure class=\"alignleft size-full is-resized\"><img loading=\"lazy\" decoding=\"async\" width=\"2603\" height=\"2603\" src=\"http:\/\/propulsion-engineering.fr\/wp-content\/uploads\/2024\/01\/RYNMember2024.png\" alt=\"\" class=\"wp-image-773\" style=\"width:107px;height:auto\" srcset=\"https:\/\/propulsion-engineering.fr\/wp-content\/uploads\/2024\/01\/RYNMember2024.png 2603w, https:\/\/propulsion-engineering.fr\/wp-content\/uploads\/2024\/01\/RYNMember2024-300x300.png 300w, https:\/\/propulsion-engineering.fr\/wp-content\/uploads\/2024\/01\/RYNMember2024-1024x1024.png 1024w, https:\/\/propulsion-engineering.fr\/wp-content\/uploads\/2024\/01\/RYNMember2024-150x150.png 150w, https:\/\/propulsion-engineering.fr\/wp-content\/uploads\/2024\/01\/RYNMember2024-768x768.png 768w, https:\/\/propulsion-engineering.fr\/wp-content\/uploads\/2024\/01\/RYNMember2024-1536x1536.png 1536w, https:\/\/propulsion-engineering.fr\/wp-content\/uploads\/2024\/01\/RYNMember2024-2048x2048.png 2048w, https:\/\/propulsion-engineering.fr\/wp-content\/uploads\/2024\/01\/RYNMember2024-100x100.png 100w\" sizes=\"auto, (max-width: 706px) 89vw, (max-width: 767px) 82vw, 740px\" \/><\/figure><\/div><\/div><\/div>\n\n\n\n<p><\/p>\n","protected":false},"excerpt":{"rendered":"<p>Propulsion Engineering est une soci\u00e9t\u00e9 d&rsquo;ing\u00e9nierie et d&rsquo;expertise de moteurs thermiques, de lignes propulsives et de machines tournantes. Son syst\u00e8me de monitoring proactif VIB360 WORLD est destin\u00e9 \u00e0 : Optimiser les cycles de maintenance \u00c9viter les pannes couteuses R\u00e9duire les co\u00fbts d&rsquo;exploitation (carburant, huile, rechanges&#8230;) Gagner en s\u00e9r\u00e9nit\u00e9 de conduite<\/p>\n","protected":false},"author":1,"featured_media":0,"parent":0,"menu_order":0,"comment_status":"closed","ping_status":"closed","template":"","meta":{"_monsterinsights_skip_tracking":false,"_monsterinsights_sitenote_active":false,"_monsterinsights_sitenote_note":"","_monsterinsights_sitenote_category":0,"footnotes":""},"class_list":["post-21","page","type-page","status-publish","hentry"],"_links":{"self":[{"href":"https:\/\/propulsion-engineering.fr\/index.php\/wp-json\/wp\/v2\/pages\/21","targetHints":{"allow":["GET"]}}],"collection":[{"href":"https:\/\/propulsion-engineering.fr\/index.php\/wp-json\/wp\/v2\/pages"}],"about":[{"href":"https:\/\/propulsion-engineering.fr\/index.php\/wp-json\/wp\/v2\/types\/page"}],"author":[{"embeddable":true,"href":"https:\/\/propulsion-engineering.fr\/index.php\/wp-json\/wp\/v2\/users\/1"}],"replies":[{"embeddable":true,"href":"https:\/\/propulsion-engineering.fr\/index.php\/wp-json\/wp\/v2\/comments?post=21"}],"version-history":[{"count":55,"href":"https:\/\/propulsion-engineering.fr\/index.php\/wp-json\/wp\/v2\/pages\/21\/revisions"}],"predecessor-version":[{"id":854,"href":"https:\/\/propulsion-engineering.fr\/index.php\/wp-json\/wp\/v2\/pages\/21\/revisions\/854"}],"wp:attachment":[{"href":"https:\/\/propulsion-engineering.fr\/index.php\/wp-json\/wp\/v2\/media?parent=21"}],"curies":[{"name":"wp","href":"https:\/\/api.w.org\/{rel}","templated":true}]}}